{"id":170,"date":"2019-06-18T08:59:54","date_gmt":"2019-06-18T08:59:54","guid":{"rendered":"http:\/\/www.aigredoux.net\/?page_id=170"},"modified":"2019-06-18T08:59:54","modified_gmt":"2019-06-18T08:59:54","slug":"chi-e-aigredoux","status":"publish","type":"page","link":"https:\/\/www.aigredoux.net\/?page_id=170","title":{"rendered":"Chi \u00e8 Aigredoux"},"content":{"rendered":"\n<p>Mi chiamo Antonio Messina. Sono nato a Como nel 1960, dopo molti traslochi dal 2001 vivo nelle Marche. Ho lavorato per 35 anni nella pubblica Amministrazione, da gennaio del 2019 mi dedico soltanto alla scrittura sotto forme diverse (manuali tecnici, romanzi, saggi, racconti e sceneggiature) ma che mi sono tutte ugualmente care. Per le statistiche italiane sono quel che si dice un &#8220;lettore forte&#8221;. A me, invece, sembra sempre di leggere troppo poco.<br>Della mia attivit\u00e0 di scrittura si occupa il sito www.antoniomessina.it. Ho deciso, invece, di raccogliere in una diversa sede virtuale articoli e considerazioni sulle mie principali aree di interesse: economia, finanza, diritto, libri, cinema. Il titolo Aigredoux (parola francese che significa &#8220;agrodolce&#8221;) riprende quello usato da mia figlia per un suo sito poi mai sviluppato. Ho deciso di appropriarmene perch\u00e9 in quel titolo ho visto una piccola verit\u00e0. Per lamentarci abbiamo molti motivi ed occasioni. Io non negher\u00f2 la realt\u00e0 e i suoi drammi ma vorrei cogliere (anzi, mi impegno con me stesso a farlo) anche ci\u00f2 che di bello ci circonda e le occasioni, le storie e le persone che donano esempio e speranza. Perci\u00f2, &#8220;agrodolce&#8221; prover\u00e0 almeno ad alternare i sapori della vita.<\/p>\n","protected":false},"excerpt":{"rendered":"<p>Mi chiamo Antonio Messina. Sono nato a Como nel 1960, dopo molti traslochi dal 2001 vivo nelle Marche. Ho lavorato per 35 anni nella pubblica Amministrazione, da gennaio del 2019 mi dedico soltanto alla scrittura sotto forme diverse (manuali tecnici, &hellip; <a href=\"https:\/\/www.aigredoux.net\/?page_id=170\">Continua a leggere<span class=\"meta-nav\">&rarr;<\/span><\/a><\/p>\n","protected":false},"author":1,"featured_media":0,"parent":0,"menu_order":0,"comment_status":"closed","ping_status":"closed","template":"","meta":{"_monsterinsights_skip_tracking":false,"_monsterinsights_sitenote_active":false,"_monsterinsights_sitenote_note":"","_monsterinsights_sitenote_category":0,"ngg_post_thumbnail":0,"footnotes":""},"class_list":["post-170","page","type-page","status-publish","hentry"],"_links":{"self":[{"href":"https:\/\/www.aigredoux.net\/index.php?rest_route=\/wp\/v2\/pages\/170","targetHints":{"allow":["GET"]}}],"collection":[{"href":"https:\/\/www.aigredoux.net\/index.php?rest_route=\/wp\/v2\/pages"}],"about":[{"href":"https:\/\/www.aigredoux.net\/index.php?rest_route=\/wp\/v2\/types\/page"}],"author":[{"embeddable":true,"href":"https:\/\/www.aigredoux.net\/index.php?rest_route=\/wp\/v2\/users\/1"}],"replies":[{"embeddable":true,"href":"https:\/\/www.aigredoux.net\/index.php?rest_route=%2Fwp%2Fv2%2Fcomments&post=170"}],"version-history":[{"count":0,"href":"https:\/\/www.aigredoux.net\/index.php?rest_route=\/wp\/v2\/pages\/170\/revisions"}],"wp:attachment":[{"href":"https:\/\/www.aigredoux.net\/index.php?rest_route=%2Fwp%2Fv2%2Fmedia&parent=170"}],"curies":[{"name":"wp","href":"https:\/\/api.w.org\/{rel}","templated":true}]}}