{"id":681,"date":"2023-02-09T17:26:45","date_gmt":"2023-02-09T17:26:45","guid":{"rendered":"https:\/\/www.aigredoux.net\/?page_id=681"},"modified":"2023-02-09T17:26:45","modified_gmt":"2023-02-09T17:26:45","slug":"r-a-l-f-di-maurizio-j-bruno","status":"publish","type":"page","link":"https:\/\/www.aigredoux.net\/?page_id=681","title":{"rendered":"RALF (di Maurizio J. Bruno)"},"content":{"rendered":"\n<div class=\"wp-block-columns alignwide is-layout-flex wp-container-core-columns-is-layout-9d6595d7 wp-block-columns-is-layout-flex\">\n<div class=\"wp-block-column is-layout-flow wp-block-column-is-layout-flow\" style=\"flex-basis:50%\">\n<figure class=\"wp-block-image\"><img loading=\"lazy\" decoding=\"async\" width=\"197\" height=\"300\" src=\"https:\/\/www.aigredoux.net\/wp-content\/uploads\/2023\/02\/immagine.png\" alt=\"\" class=\"wp-image-682\"\/><\/figure>\n<\/div>\n\n\n\n<div class=\"wp-block-column is-layout-flow wp-block-column-is-layout-flow\" style=\"flex-basis:50%\">\n<p><\/p>\n<\/div>\n<\/div>\n\n\n\n<p>Il sole tenue e freddo di quel mattino di dicembre avvolse Marco mentre attraversava la piazza. Anche se una decina di bambini, e relativi genitori, ne coloravano un angolo, quella piazza era cos\u00ec immensa da sembrare vuota. Si rialz\u00f2 il bavero del giaccone e imbocc\u00f2 a passo svelto il viale che lo avrebbe portato all&#8217;ingresso della sua Facolt\u00e0. Aveva camminato per quei luoghi per decine, forse per centinaia, di volte ma quella mattina tutto sembrava avere un aspetto particolare.<br>Si era laureato da meno di mese ed era la prima volta che ritornava nel laboratorio universitario che aveva occupato quasi notte e giorno nei nove mesi precedenti. Non era ancora abituato a sentirsi chiamare &#8220;Ingegnere&#8221; ma il saluto dell&#8217;usciere non lo sorprese dal momento che questi conferiva il titolo perfino alle matricole. Il laboratorio era in pratica esattamente come lo aveva lasciato un mese prima. L&#8217;unica differenza era che adesso, seduta di fronte al &#8220;suo&#8221; calcolatore, c&#8217;era un&#8217;altra persona. Prov\u00f2 un leggero senso di gelosia e si domand\u00f2 istintivamente se i file e i programmi che aveva lasciato sul disco rigido fossero stati cancellati dal nuovo tesista o fossero invece ancora l\u00ec come antiche vestigia del suo passaggio. Non ebbe per\u00f2 il coraggio di interrompere il lavoro dello studente solo per il desiderio di soddisfare una sua curiosit\u00e0: dopotutto oltre la sua copia personale su dischetti, una copia su CD-ROM di tutto il software del suo progetto si trovava al sicuro nell&#8217;ufficio del professore che aveva seguito la sua tesi. Si diresse allora verso l&#8217;armadietto che portava ancora l&#8217;etichetta col suo nome e l&#8217;apr\u00ec con la chiave che aveva ancora legata al portachiavi.<br>Vi trov\u00f2, ovviamente, tutto quello che ricordava di avervi riposto: fogli pieni di schemi e formule scritte a matita, qualche Data Book di componenti elettronici, delle riviste e la scatola dei suoi cacciavite di precisione. Aveva appena cominciato a sistemare tutto nella grossa valigetta che aveva portato con s\u00e9 quando ud\u00ec un ronzio molto familiare: era RALF. L&#8217;acronimo non gli era mai piaciuto del tutto: Robot Automatico Localizzatore di Fonti di energia. Faceva pensare ad un grosso mostro fantascientifico magari di aspetto umano in grado di individuare, come un rabdomante, pozzi di petrolio e giacimenti di uranio. Ma pronunciato cos\u00ec, come il nome di qualche personaggio di un cartone animato, &#8220;Ralf&#8221; si adattava bene a quella specie di automobile radiocomandata che adesso lo stava inquadrando attraverso la minitelecamera a colori di cui disponeva. Per un attimo fu come se il suo sguardo e quello elettronico di Ralf si fossero incrociati ma Marco non ebbe il tempo di focalizzare questo pensiero perch\u00e9 fu interrotto da una grossa pacca sulla spalla.<br>&#8220;Ingegnere, come mai da queste parti?&#8221;<br>&#8220;Claudio, ciao! come stai? Sono venuto solo a riprendere delle cose che avevo lasciato.&#8221;<br>&#8220;Cose mie!&#8221; aggiunse sorridendo &#8220;non preoccuparti che non porto via niente che appartenga alla Facolt\u00e0.&#8221;<br>Claudio scoppi\u00f2 in una risata fragorosa. Era magro e alto pi\u00f9 di due metri con un sorriso pacifico sempre stampato sul volto. Si era laureato da poco pi\u00f9 di un anno ma era restato in facolt\u00e0 come collaboratore proprio del docente che aveva seguito Marco nella tesi. Essendo quasi coetanei i due erano diventati buoni amici e per tutta la durata del progetto di Marco avevano pranzato insieme alla mensa della facolt\u00e0 e avevano imparato a conoscersi bene.<br>&#8220;Non mi aspettavo di trovare Ralf ancora in giro&#8221; disse Marco.<br>&#8220;Cosa vuoi? Non d\u00e0 fastidio, \u00e8 autosufficiente, lo abbiamo lasciato in giro come se si trattasse di un cagnolino&#8221; rispose Claudio. Poi aggiunse &#8220;meglio che ritorni nel mio ufficio altrimenti il &#8220;prof&#8221; ripeter\u00e0 ancora una volta che sei tu a farmi perdere tempo! Vieni a salutarmi prima di andar via.&#8221;<br>Marco fece con la mano un cenno di saluto allo spilungone e gett\u00f2 un&#8217;altra occhiata al suo capolavoro che ronzando si stava dirigendo in un&#8217;altra stanza, poi riprese a deporre nella valigetta il materiale che aveva trovato nell&#8217;armadietto. Quando ebbe finito decise che era giunto il momento di staccare dalla portina del mobiletto l&#8217;etichetta col suo nome. Fu proprio mentre eseguiva questa operazione che ebbe la chiara impressione che il suo lavoro in quel laboratorio non fosse ancora finito. Poco dopo riprese il suo giaccone, pass\u00f2 a salutare Claudio e usc\u00ec dalla Facolt\u00e0. Fuori il sole era scomparso e un atmosfera cupa prometteva di l\u00ec a qualche minuto lo scoppio di un brutto temporale. Affrett\u00f2 il passo, si chiuse meglio il giaccone e si avvi\u00f2 velocemente verso la vicina stazione della Metro.<\/p>\n\n\n\n<p>(da <em>RALF<\/em>, di Maurizio J. Bruno, Edizioni UNI-Service, pp. 236)<\/p>\n","protected":false},"excerpt":{"rendered":"<p>Il sole tenue e freddo di quel mattino di dicembre avvolse Marco mentre attraversava la piazza. Anche se una decina di bambini, e relativi genitori, ne coloravano un angolo, quella piazza era cos\u00ec immensa da sembrare vuota. Si rialz\u00f2 il &hellip; <a href=\"https:\/\/www.aigredoux.net\/?page_id=681\">Continua a leggere<span class=\"meta-nav\">&rarr;<\/span><\/a><\/p>\n","protected":false},"author":1,"featured_media":0,"parent":0,"menu_order":0,"comment_status":"closed","ping_status":"closed","template":"","meta":{"_monsterinsights_skip_tracking":false,"_monsterinsights_sitenote_active":false,"_monsterinsights_sitenote_note":"","_monsterinsights_sitenote_category":0,"ngg_post_thumbnail":0,"footnotes":""},"class_list":["post-681","page","type-page","status-publish","hentry"],"_links":{"self":[{"href":"https:\/\/www.aigredoux.net\/index.php?rest_route=\/wp\/v2\/pages\/681","targetHints":{"allow":["GET"]}}],"collection":[{"href":"https:\/\/www.aigredoux.net\/index.php?rest_route=\/wp\/v2\/pages"}],"about":[{"href":"https:\/\/www.aigredoux.net\/index.php?rest_route=\/wp\/v2\/types\/page"}],"author":[{"embeddable":true,"href":"https:\/\/www.aigredoux.net\/index.php?rest_route=\/wp\/v2\/users\/1"}],"replies":[{"embeddable":true,"href":"https:\/\/www.aigredoux.net\/index.php?rest_route=%2Fwp%2Fv2%2Fcomments&post=681"}],"version-history":[{"count":0,"href":"https:\/\/www.aigredoux.net\/index.php?rest_route=\/wp\/v2\/pages\/681\/revisions"}],"wp:attachment":[{"href":"https:\/\/www.aigredoux.net\/index.php?rest_route=%2Fwp%2Fv2%2Fmedia&parent=681"}],"curies":[{"name":"wp","href":"https:\/\/api.w.org\/{rel}","templated":true}]}}