{"id":719,"date":"2023-02-15T17:25:36","date_gmt":"2023-02-15T17:25:36","guid":{"rendered":"https:\/\/www.aigredoux.net\/?page_id=719"},"modified":"2023-02-15T17:25:36","modified_gmt":"2023-02-15T17:25:36","slug":"9-dicembre","status":"publish","type":"page","link":"https:\/\/www.aigredoux.net\/?page_id=719","title":{"rendered":"9 dicembre"},"content":{"rendered":"\n<p><strong>Barriere celesti<\/strong><\/p>\n\n\n\n<p><em>di Franco Bomprezzi<\/em><\/p>\n\n\n\n<p>Quella volta San Pietro si trov\u00f2 davvero in forte imbarazzo. Non era mai capitata una cosa simile. Per tutte le stelle del cielo! Che poi sono tante, e forse pure troppe. Alle porte del Paradiso, proprio all&#8217;inizio della lunga e luminosa scalinata celeste, si era fermata una figura minuta, ma molto luminosa. Vista dall&#8217;alto, non si distingueva granch\u00e9, tranne quello sbattere di alucce un po&#8217; inquieto, che spesso hanno gli angeli ancora inesperti. Era quasi sera, e ormai gli uffici dell&#8217;Accettazione Celeste stavano per chiudere. Ma San Pietro non riusciva proprio a capire come mai quell&#8217;angioletto cos\u00ec piccolo non riuscisse a venire su, anche se la porta era aperta, ed evidentemente la destinazione era chiara: il Paradiso, la luce eterna, la grande pace.<br>Il Grande Cerimoniere accese il Videocitofono Celeste per ingrandire quella figurina lontana: &#8220;Ma che storia \u00e8 questa? Non sar\u00e0 mica il solito scherzo di Lucifero, ogni volta che si avvicina Natale?&#8221;. San Pietro non credeva ai suoi occhi: alle porte del Paradiso si era fermato un ragazzino biondo e spaurito, seduto su una carrozzina elettrica. Uno di quei marchingegni dell&#8217;ultima generazione, tutto borchie cromate e joy-stick, con due batterie grandi cos\u00ec, e adesivi dappertutto. &#8220;Ma come &#8211; pens\u00f2 tra s\u00e9 e s\u00e9, infilando le dita dubbiose nella folta barba bianca &#8211; non s&#8217;era detto che dopo la morte ognuno lascia il corpo terreno e arriva qui, o laggi\u00f9 all&#8217;inferno, come puro spirito? Che storia \u00e8 mai questa? Oltre tutto qui siamo pieni di barriere architettoniche, ne avevo parlato tempo fa con il Capo, ma mi ha risposto che tanto in Paradiso ci si muove con lo Spirito e quindi le scale non si toccano, anche perch\u00e9 sono belle a vedersi, e fanno tanto autorit\u00e0 celeste \u2026 E ora che si fa?&#8221;.<br>Gi\u00e0, ora che si fa. San Pietro scese dall&#8217;alto scranno, assunse un&#8217;aria cordiale, inizi\u00f2 a scendere maestosamente le scale, sollevando piccole nuvolette dorate al suo passaggio. Quando arriv\u00f2 sul portone sgran\u00f2 un sorriso incoraggiante e, rivolgendosi al nuovo arrivato, chiese: &#8220;Caro ragazzo, ben arrivato, lo sai che qui non hai bisogno della carrozzina, vero?&#8221;.<br>&#8220;Mi dispiace &#8211; rispose con una vocina timida ma decisa &#8211; non volevo disturbarla, mi chiamo Giuseppe \u2026 non so bene che cosa sia successo. Lei deve essere San Pietro, o mi sbaglio?&#8221;<br>&#8220;No, caro, effettivamente sono io, ma chiamami pure Pietro, io ho sempre avuto tanta simpatia per quelli come voi, insomma, per gli handicappati, anzi, i disabili, o \u2026 boh, non so pi\u00f9 come si chiamano adesso, cambiate sempre le parole, e io faccio fatica a stare dietro a tutto \u2026 Ma dimmi, caro Giuseppe, che cosa ti \u00e8 successo? Sei cos\u00ec giovane \u2026&#8221;<br>&#8220;Gi\u00e0, \u00e8 vero. Sono giovane, ma avevo una malattia congenita, sai, di quelle che ancora oggi non perdonano. Stavo migliorando, per la verit\u00e0, ma, da quando sono stati tagliati i fondi per l&#8217;assistenza, i miei genitori non ce l&#8217;hanno fatta a comprare tutto quello che mi poteva servire per stare meglio, e mi sono preso una brutta bronchite, sai com&#8217;\u00e8 l&#8217;inverno \u2026 Insomma, proprio quando l&#8217;Asl si \u00e8 decisa a darmi la nuova carrozzina elettrica, paff!, il mio cuoricino non ce l&#8217;ha fatta pi\u00f9. Io ho cercato di resistere, ero cos\u00ec contento\u2026devi capire, l&#8217;avevo tanto desiderata, finalmente potevo muovermi da solo, girare per casa, e perfino uscire in strada, con gli amici \u2026&#8221;. Una lacrima e un singhiozzo interruppero il suo racconto.<br>&#8220;Santo Cielo, non ti disperare &#8211; cerc\u00f2 di rincuorarlo San Pietro &#8211; in fondo qui non si sta male, anzi, \u00e8 il Paradiso, no?&#8221;.<br>&#8220;S\u00ec certo &#8211; rispose Giuseppe &#8211; ma io, quando ormai avevo capito che non c&#8217;era niente da fare, che la vita mi stava sfuggendo di mano, ho pregato con tutte le forze che mi rimanevano, e ho chiesto al Signore di farmi arrivare quass\u00f9 con la mia nuova carrozzina, perch\u00e9 non ero riuscito a godermela neppure un giorno, e non lo trovavo giusto \u2026 E come vedi, Lui mi ha accontentato&#8221;.<br>San Pietro represse un pensiero poco serafico, alz\u00f2 gli occhi al cielo, che poi era assai vicino, e pens\u00f2: &#8220;Ecco, ancora una volta Lui fa il grande, e poi tocca a me risolvere i problemi&#8221;. Ma rivolgendosi a Giuseppe assunse subito l&#8217;aria dolce e paterna che si conviene al Grande Reggitore delle Chiavi Celesti: &#8220;Caro Giuseppe, come vedi la fede fa miracoli \u2026 Purtuttavia c&#8217;\u00e8 un piccolo problema che dobbiamo risolvere \u2026&#8221;<br>&#8220;Eh gi\u00e0, l&#8217;ho visto da solo &#8211; lo interruppe tranquillo il ragazzo &#8211; siete zeppi di barriere\u2026&#8221;.<br>&#8220;Beh, proprio zeppi no &#8211; cerc\u00f2 di minimizzare imbarazzato San Pietro &#8211; certo \u00e8 che non siamo pronti, le nuove norme, come sai, non riguardano i Puri Spiriti, e dunque ci siamo limitati a dare delle direttive agli architetti, che poi sai, fanno quello che vogliono, di questi tempi, e non rinunciano mai all&#8217;estetica, e al fronzolo in pi\u00f9. Comunque non ti scoraggiare, per il momento troviamo una soluzione di ripiego, cerco quattro cherubini robusti, che ti portano su con carrozzina e tutto. Eh, che ne dici?&#8221;<br>&#8220;Vedi, Pietro, sinceramente non so come ringraziarti, ma non mi sembra questo il modo giusto &#8211; riprese con metodo e garbo il piccolo Giuseppe &#8211; Forse non sai, ma noi gi\u00f9 sulla Terra ultimamente ci siamo battuti per la Vita Indipendente, come dire, essere messi in condizione di vivere da soli, in piena autonomia, a cominciare naturalmente dalle barriere. Se si venisse a sapere che anche in Paradiso si ricorre al volontariato \u2026&#8221;.<br>San Pietro era in forte imbarazzo. Ascensori vecchi, oltre tutto mai collaudati, tanto c&#8217;era sempre qualche santo in Paradiso, rampe neppure a parlarne, scale dappertutto, alcune addirittura a chiocciola, altre che sembravano Trinit\u00e0 dei Monti \u2026 Eppure una soluzione bisognava trovarla. Infine il Grande Vecchio si illumin\u00f2: &#8220;Ho trovato &#8211; tuon\u00f2 soddisfatto &#8211; ecco la soluzione!&#8221;. Giuseppe lo guard\u00f2 poco convinto: &#8220;E quale sarebbe?&#8221;. &#8220;Visto che qui con la carrozzina non ci puoi stare, te ne ritorni gi\u00f9. Subito. Torni a casa, guarito. O quasi, insomma, almeno un po&#8217; meglio di come stavi prima. Cos\u00ec ci dai il tempo di provvedere, io ne parlo con l&#8217;Altissimo, visto che si \u00e8 impegnato con te \u2026 almeno ci darai il tempo di abbattere tutte le barriere, poi, con calma ti richiamiamo noi. Mi sembra una buona idea, cos\u00ec fai contenti anche i tuoi \u2026 in fondo siamo vicini a Natale&#8221;.<br>Giuseppe sorrise, allarg\u00f2 le braccia, e disse: &#8220;Accetto volentieri. E&#8217; il pi\u00f9 bel regalo di Natale della mia vita. E poi sono sicuro che vivr\u00f2 a lungo. Molto a lungo. Prima che riusciate ad abolire tutte le barriere, qui, in questo spazio smisurato, ci metterete un&#8217;eternit\u00e0, con rispetto parlando&#8221;.<br>San Pietro sorrise bonario. Giuseppe aveva ragione. Ma lui non poteva farci niente. Che mondo sarebbe stato mai, senza delle belle e lunghe scale?<\/p>\n\n\n\n<p><em>(Contenuto pubblicato per la prima volta su antoniomessina.it il 09\/12\/1999)<\/em><\/p>\n\n\n\n<p><a href=\"https:\/\/www.aigredoux.net\/?page_id=717\" data-type=\"page\" data-id=\"717\">8 dicembre<\/a> &#8211; <a href=\"https:\/\/www.aigredoux.net\/?page_id=721\" data-type=\"page\" data-id=\"721\">10 dicembre<\/a><\/p>\n","protected":false},"excerpt":{"rendered":"<p>Barriere celesti di Franco Bomprezzi Quella volta San Pietro si trov\u00f2 davvero in forte imbarazzo. Non era mai capitata una cosa simile. Per tutte le stelle del cielo! Che poi sono tante, e forse pure troppe. Alle porte del Paradiso, &hellip; <a href=\"https:\/\/www.aigredoux.net\/?page_id=719\">Continua a leggere<span class=\"meta-nav\">&rarr;<\/span><\/a><\/p>\n","protected":false},"author":1,"featured_media":0,"parent":0,"menu_order":0,"comment_status":"closed","ping_status":"closed","template":"","meta":{"_monsterinsights_skip_tracking":false,"_monsterinsights_sitenote_active":false,"_monsterinsights_sitenote_note":"","_monsterinsights_sitenote_category":0,"ngg_post_thumbnail":0,"footnotes":""},"class_list":["post-719","page","type-page","status-publish","hentry"],"_links":{"self":[{"href":"https:\/\/www.aigredoux.net\/index.php?rest_route=\/wp\/v2\/pages\/719","targetHints":{"allow":["GET"]}}],"collection":[{"href":"https:\/\/www.aigredoux.net\/index.php?rest_route=\/wp\/v2\/pages"}],"about":[{"href":"https:\/\/www.aigredoux.net\/index.php?rest_route=\/wp\/v2\/types\/page"}],"author":[{"embeddable":true,"href":"https:\/\/www.aigredoux.net\/index.php?rest_route=\/wp\/v2\/users\/1"}],"replies":[{"embeddable":true,"href":"https:\/\/www.aigredoux.net\/index.php?rest_route=%2Fwp%2Fv2%2Fcomments&post=719"}],"version-history":[{"count":0,"href":"https:\/\/www.aigredoux.net\/index.php?rest_route=\/wp\/v2\/pages\/719\/revisions"}],"wp:attachment":[{"href":"https:\/\/www.aigredoux.net\/index.php?rest_route=%2Fwp%2Fv2%2Fmedia&parent=719"}],"curies":[{"name":"wp","href":"https:\/\/api.w.org\/{rel}","templated":true}]}}