{"id":721,"date":"2023-02-15T17:27:18","date_gmt":"2023-02-15T17:27:18","guid":{"rendered":"https:\/\/www.aigredoux.net\/?page_id=721"},"modified":"2023-02-15T17:27:18","modified_gmt":"2023-02-15T17:27:18","slug":"10-dicembre","status":"publish","type":"page","link":"https:\/\/www.aigredoux.net\/?page_id=721","title":{"rendered":"10 dicembre"},"content":{"rendered":"\n<p><strong>I biglietti della lotteria<\/strong><\/p>\n\n\n\n<p><em>di Marco Pastonesi<\/em><\/p>\n\n\n\n<p>Dura la vita economica di una societ\u00e0 di rugby. Voci al passivo: tutto. Pi\u00f9 che voci, un coro, un&#8217;orchestra, un diluvio universale di note, anzi, di note-spese. Voci all&#8217;attivo: tessere dei giocatori, sottoscrizioni degli ex giocatori, poi Bancomat del presidente, portafogli dei dirigenti, e la lotteria.<br>Ah, la lotteria di Natale. I premi, se non ci fossero stati, sarebbe stato meglio. Perch\u00e9 erano imbarazzanti, impresentabili: nel migliore dei casi si trattava di roba assolutamente inutile, nel peggiore oggetti cos\u00ec kitsch da vergognarsi. Tanto che i vincitori, a malincuore secondo loro, invece con un senso di liberazione secondo tutti gli altri, vi rinunciavano, con il disastroso quanto inevitabile risultato che gli stessi premi venivano ripresentati tali e quali il Natale successivo. In compenso, Natale dopo Natale, giocatore per giocatore, raddoppiava il numero dei biglietti da vendere. L&#8217;importante era venderne il meno possibile, altrimenti l&#8217;attento capitano te ne rifilava immediatamente un&#8217;altra mazzetta. Fabrizio l&#8217;ala si rifiutava di vendere i biglietti, forse per incapacit\u00e0, forse per timidezza: non lo diceva a nessuno, ma la sua mazzetta, svenandosi, se la comperava tutta lui. Moquette il centro vendeva i biglietti solo ai clienti del suo elettrauto: ma per ogni biglietto che rifilava, c&#8217;era sempre chi ricambiava con biglietto di altra lotteria, generalmente pi\u00f9 costoso. &#8220;Il guaio &#8211; si lamentava Moquette &#8211; \u00e8 che i risultati di quelle lotterie non si vedono mai&#8221;. Enzino, invece, piazzava i biglietti solo a donne, signore e ragazze, insomma genere femminile. &#8220;Niente di meglio &#8211; sosteneva &#8211; per attaccare discorso&#8221;. Be&#8217;, lui diceva discorso, ma in verit\u00e0 erano poche parole e molti fatti. Enzino non faceva molta selezione: non se lo poteva permettere. Invece sosteneva che &#8220;tutte devono avere un po&#8217; di soddisfazione nella vita&#8221;. Per\u00f2 evidentemente ci sapeva fare. Perch\u00e9 faceva quel genere di cose che si raccontano o che si scrivono o che si vedono nei film, ma vietate alla stragrande maggioranza delle persone, in particolare ai rugbisti. Nelle sue descrizioni, le uniche a imporre un silenzio quasi religioso a tutta la squadra, c&#8217;erano sempre armadi cos\u00ec capaci da poterlo nascondere, finestre aperte e grondaie cos\u00ec solide da poterlo far fuggire attraverso giardini, tavoli da cucina cos\u00ec solidi da reggere brevi scosse di terremoto (terremoto lo diceva lui), perfino tavoli da biliardo con tanto di vellutino verde. &#8220;Ventimila al primo strappo&#8221;, disse Filtro, ricordandosi di quel cartello sistemato nelle sale che frequentava invece della terza liceo. &#8220;Ma va l\u00e0 &#8211; sbott\u00f2 Enzino &#8211; non ha voluto una lira. Non era mica una puttana&#8221;.<\/p>\n\n\n\n<p><em>(Contenuto pubblicato per la prima volta su antoniomessina.it il 10\/12\/1999)<\/em><\/p>\n\n\n\n<p><a href=\"https:\/\/www.aigredoux.net\/?page_id=719\" data-type=\"page\" data-id=\"719\">9 dicembre<\/a> &#8211; <a href=\"https:\/\/www.aigredoux.net\/?page_id=723\" data-type=\"page\" data-id=\"723\">11 dicembre<\/a><\/p>\n","protected":false},"excerpt":{"rendered":"<p>I biglietti della lotteria di Marco Pastonesi Dura la vita economica di una societ\u00e0 di rugby. Voci al passivo: tutto. Pi\u00f9 che voci, un coro, un&#8217;orchestra, un diluvio universale di note, anzi, di note-spese. Voci all&#8217;attivo: tessere dei giocatori, sottoscrizioni &hellip; <a href=\"https:\/\/www.aigredoux.net\/?page_id=721\">Continua a leggere<span class=\"meta-nav\">&rarr;<\/span><\/a><\/p>\n","protected":false},"author":1,"featured_media":0,"parent":0,"menu_order":0,"comment_status":"closed","ping_status":"closed","template":"","meta":{"_monsterinsights_skip_tracking":false,"_monsterinsights_sitenote_active":false,"_monsterinsights_sitenote_note":"","_monsterinsights_sitenote_category":0,"ngg_post_thumbnail":0,"footnotes":""},"class_list":["post-721","page","type-page","status-publish","hentry"],"_links":{"self":[{"href":"https:\/\/www.aigredoux.net\/index.php?rest_route=\/wp\/v2\/pages\/721","targetHints":{"allow":["GET"]}}],"collection":[{"href":"https:\/\/www.aigredoux.net\/index.php?rest_route=\/wp\/v2\/pages"}],"about":[{"href":"https:\/\/www.aigredoux.net\/index.php?rest_route=\/wp\/v2\/types\/page"}],"author":[{"embeddable":true,"href":"https:\/\/www.aigredoux.net\/index.php?rest_route=\/wp\/v2\/users\/1"}],"replies":[{"embeddable":true,"href":"https:\/\/www.aigredoux.net\/index.php?rest_route=%2Fwp%2Fv2%2Fcomments&post=721"}],"version-history":[{"count":0,"href":"https:\/\/www.aigredoux.net\/index.php?rest_route=\/wp\/v2\/pages\/721\/revisions"}],"wp:attachment":[{"href":"https:\/\/www.aigredoux.net\/index.php?rest_route=%2Fwp%2Fv2%2Fmedia&parent=721"}],"curies":[{"name":"wp","href":"https:\/\/api.w.org\/{rel}","templated":true}]}}