{"id":743,"date":"2023-02-15T17:52:33","date_gmt":"2023-02-15T17:52:33","guid":{"rendered":"https:\/\/www.aigredoux.net\/?page_id=743"},"modified":"2023-02-15T17:52:33","modified_gmt":"2023-02-15T17:52:33","slug":"20-dicembre","status":"publish","type":"page","link":"https:\/\/www.aigredoux.net\/?page_id=743","title":{"rendered":"20 dicembre"},"content":{"rendered":"\n<p><strong>L&#8217;aurora di Natale<\/strong><\/p>\n\n\n\n<p><em>di Angela Messina<\/em><\/p>\n\n\n\n<p>La stella di Natale alla finestra sembrava intirizzita. Anche la linfa nei petali rossi doveva essersi ghiacciata. Ma bisognava lasciarla l\u00ec, perch\u00e9 la leggenda diceva che la grande luce nel cielo sarebbe arrivata solo se la stella di Natale avesse inviato tutte le sue energie verso la volta celeste, senza incontrare ostacoli. Per questo non si poteva riportare la pianticella in casa, dove sarebbe appassita perch\u00e9 faceva caldo.<br>Il piccolo Eric desiderava vedere la luce di tutti i colori che correva nel cielo pi\u00f9 di quanto desiderasse i regali che aveva chiesto a Santa Claus<br>Innaffiava il vaso piano piano, e controllava che fosse ben rivolto verso l&#8217;orizzonte, dove questo era sgombro da alberi e nuvole.<br>&#8220;Ti piace tanto la stella di Natale?&#8221; chiese la mamma vedendo quanto Eric fosse preoccupato per la pianticella.<br>&#8220;S\u00ec, voglio che faccia apparire nel cielo le luci colorate!&#8221;<br>La mamma rise, e spieg\u00f2 a Eric che non era quel tipo di stella a compiere la magia che lui aspettava con ansia.<br>Eric si rifugi\u00f2 deluso nella sua stanza, e cominci\u00f2 a sfogliare un grande libro pieno di disegni, che raccontava la storia della terra. C&#8217;era il Sole che splendeva di giorno e scaldava tutto, faceva brillare i ghiacci e le acque; ma Eric corse subito alle pagine tutte nere, coperte di puntini che si chiamavano costellazioni, perch\u00e9 quando la notte era cos\u00ec scura e tersa, allora arrivavano i grandi lampi che si rincorrevano cambiando colore.<br>In una pagina vide una stella con una lunga coda, e lesse che era la cometa di Natale. Allora and\u00f2 alla finestra per cercarla in quel mare di nero; ma vide solo la luna che sembrava ridere delle sue speranze.<br>&#8220;La stella di Natale arriver\u00e0 all&#8217;ultimo minuto&#8221; pens\u00f2 fiducioso. &#8220;Bisogna solo stare di guardia, con gli occhi aperti.&#8221;<br>Dopo cena, augurata la buonanotte, mentre i genitori lo credevano a nanna, si sistem\u00f2 su una poltroncina dietro i vetri a spiare il cielo; ma non vide nessuna stella con la coda, e neppure le luci guizzanti, e si addorment\u00f2.<br>Si svegli\u00f2 in un mattino splendente: il sole schiariva il blu del cielo rendendolo prima azzurro, poi bianco, come la neve. Ma Eric aspettava impaziente il tramonto e la stella di Natale.<br>&#8220;La stella con la coda fa venire le luci della notte, s\u00ec o no?&#8221; chiese al babbo quella sera.<br>&#8220;Non \u00e8 la coda della stella; \u00e8 la coda delle volpi&#8221; disse il babbo con aria furba.<br>Sapeva che Eric si sarebbe molto meravigliato di una simile affermazione.<br>&#8220;Non sai che i bagliori notturni che a te piacciono tanto sono creati da questi animali?&#8221;<br>&#8220;E come fanno?&#8221; chiese Eric incredulo.<br>&#8220;Le volpi corrono sulla neve, e con la coda sollevano tutti i fiocchi che il vento porta fino in cielo, e lass\u00f9 i cristalli bianchi prendono i colori delle stelle e della luna, e corrono come lingue di fuoco. Per questo l&#8217;aurora boreale, la luce del Nord, ha anche un altro nome: rev\u00f2ntulet, il fuoco delle volpi&#8230;&#8221;<br>&#8220;Ma questa \u00e8 solo una leggenda&#8221; concluse il babbo sorridendo.<br>Eric non sapeva pi\u00f9 che cosa credere, e divenne un po&#8217; triste.<br>Allora, dopo cena, il babbo apr\u00ec la porta di casa, e guard\u00f2 il cielo terso e scuro.<br>&#8220;Vedi la tua stella di Natale?&#8221; chiese a Eric.<br>&#8220;No, non c&#8217;\u00e8 nessuna stella con la coda&#8221; rispose lui rassegnato.<br>&#8220;Ma vedi quella grande piuma lass\u00f9, che si muove piano, verde pallido. Che sembra svanire e poi riacquista intensit\u00e0?&#8221;<br>Eric guardava col fiato sospeso: era forse di fronte a un fantasmino che voleva avvicinarsi e tirargli il naso?<br>&#8220;Vedrai la tua aurora&#8221; disse il babbo, ed Eric, per quanto incredulo, si sent\u00ec eccitato e rest\u00f2 a fissare quel lucore col fiato sospeso.<br>Poi vide che in un attimo non ne rimaneva pi\u00f9 nulla e pens\u00f2 che il babbo non aveva detto la verit\u00e0. Ma girandosi a guardare il cielo alle sue spalle, vide l\u00ec il fantasmino, pi\u00f9 verde che mai, sempre pi\u00f9 grande, che ballava facendo un sacco di piroette. Poi arriv\u00f2 una grande onda bianca, afferr\u00f2 un lembo del vestito verde, e lo sfil\u00f2 durante una giravolta lanciandolo verso l&#8217;alto e tingendolo di rosso. Eric vide un bagliore che non aveva mai visto, che illuminava il cielo sopra di lui per una distanza infinita che raggiungeva gli astri. Era come l&#8217;acqua di una cascata che precipitava all&#8217;in su. Si apriva a ventaglio, come le ali di un angelo bianche, azzurre e verdi.<br>Le ali svanirono; ma subito apparve una freccia proprio di fronte a lui, bassa sull&#8217;orizzonte. Sembrava che qualcuno stesse per scoccarla, ed Eric per un attimo ebbe paura. Ma quando part\u00ec, non venne verso di lui, sal\u00ec rapidissima in cielo, percorrendone tutta la volta, andando a scomparire nel punto opposto dell&#8217;orizzonte.<br>Era cos\u00ec emozionato che non riusciva a parlare. Ogni tanto emetteva un sospiro, o un grido, o un&#8217;esclamazione soffocata. Il babbo gli stringeva la mano e sorrideva.<br>Non voleva pi\u00f9 il giorno. Il piccolo Eric attendeva sempre il tramonto per rivedere quello spettacolo meraviglioso, e non gli importava pi\u00f9 delle stelle. Pensava sempre al buio.<br>Arriv\u00f2 la vigilia di Natale, e venne a cena un amico del babbo.<br>Eric gli raccont\u00f2 subito, tutto eccitato, lo spettacolo delle luci danzanti, spiegandogli quanto erano belle, colorate e veloci nella notte scura.<br>&#8220;Non servono le stelle per vedere le luci, \u00e8 solo un imbroglio&#8221; concluse infine soddisfatto.<br>&#8220;Sei sicuro?&#8221; gli chiese la mamma. &#8220;Guarda che questo signore sa tutto sulle luci che ti piacciono tanto&#8221;.<br>&#8220;Sei sicuro Eric?&#8221; disse il signore. &#8220;Senza una certa stella importantissima per noi, tu non potresti neppure vedere l&#8217;aurora boreale. Quella stella ci serve!&#8221;<br>&#8220;Che stella \u00e8?&#8221; chiese Eric con un poco di ansia: non voleva essere imbrogliato di nuovo!<br>&#8220;E&#8217; una stella che manda un fortissimo vento di energia verso la Terra, e quando questo vento si scontra con l&#8217;aria scoccano un sacco di scintille che creano la luce che piace a te. E&#8217; una stella grandissima e vicina vicina. Pi\u00f9 vicina di tutte le altre stelle, eppure di notte non la vedi. E&#8217; una stella che si vede solo di giorno: che scalda tutto, ci d\u00e0 la vita, e fa brillare i ghiacci e le acque.&#8221;<br>Allora Eric cap\u00ec, e gli venne da piangere, perch\u00e9 era stato un bambino un po&#8217; sciocco: la stella dell&#8217;aurora boreale, la stella di Natale, era il Sole.<\/p>\n\n\n\n<p><em>(Contenuto pubblicato per la prima volta su antoniomessina.it il 20\/12\/1999)<\/em><\/p>\n\n\n\n<p><a href=\"https:\/\/www.aigredoux.net\/?page_id=741\" data-type=\"page\" data-id=\"741\">19 dicembre<\/a> &#8211; <a href=\"https:\/\/www.aigredoux.net\/?page_id=745\" data-type=\"page\" data-id=\"745\">21 dicembre<\/a><\/p>\n","protected":false},"excerpt":{"rendered":"<p>L&#8217;aurora di Natale di Angela Messina La stella di Natale alla finestra sembrava intirizzita. Anche la linfa nei petali rossi doveva essersi ghiacciata. Ma bisognava lasciarla l\u00ec, perch\u00e9 la leggenda diceva che la grande luce nel cielo sarebbe arrivata solo &hellip; <a href=\"https:\/\/www.aigredoux.net\/?page_id=743\">Continua a leggere<span class=\"meta-nav\">&rarr;<\/span><\/a><\/p>\n","protected":false},"author":1,"featured_media":0,"parent":0,"menu_order":0,"comment_status":"closed","ping_status":"closed","template":"","meta":{"_monsterinsights_skip_tracking":false,"_monsterinsights_sitenote_active":false,"_monsterinsights_sitenote_note":"","_monsterinsights_sitenote_category":0,"ngg_post_thumbnail":0,"footnotes":""},"class_list":["post-743","page","type-page","status-publish","hentry"],"_links":{"self":[{"href":"https:\/\/www.aigredoux.net\/index.php?rest_route=\/wp\/v2\/pages\/743","targetHints":{"allow":["GET"]}}],"collection":[{"href":"https:\/\/www.aigredoux.net\/index.php?rest_route=\/wp\/v2\/pages"}],"about":[{"href":"https:\/\/www.aigredoux.net\/index.php?rest_route=\/wp\/v2\/types\/page"}],"author":[{"embeddable":true,"href":"https:\/\/www.aigredoux.net\/index.php?rest_route=\/wp\/v2\/users\/1"}],"replies":[{"embeddable":true,"href":"https:\/\/www.aigredoux.net\/index.php?rest_route=%2Fwp%2Fv2%2Fcomments&post=743"}],"version-history":[{"count":0,"href":"https:\/\/www.aigredoux.net\/index.php?rest_route=\/wp\/v2\/pages\/743\/revisions"}],"wp:attachment":[{"href":"https:\/\/www.aigredoux.net\/index.php?rest_route=%2Fwp%2Fv2%2Fmedia&parent=743"}],"curies":[{"name":"wp","href":"https:\/\/api.w.org\/{rel}","templated":true}]}}